{"id":152,"date":"2023-01-20T23:14:40","date_gmt":"2023-01-20T23:14:40","guid":{"rendered":"https:\/\/www.osmth-rozazivljenja.si\/?page_id=152"},"modified":"2023-01-20T23:14:40","modified_gmt":"2023-01-20T23:14:40","slug":"clanstvo","status":"publish","type":"page","link":"https:\/\/www.osmth-rozazivljenja.si\/index.php\/clanstvo\/","title":{"rendered":"\u010cLANSTVO"},"content":{"rendered":"\n<p>Osnovna zahteva je predanost delu. \u010clan je lahko vsak,&nbsp;ki izka\u017ee \u017eeljo, vztrajnost in predanost za javna dobra dela. \u010clanstvo ni omejeno na tako imenovano svetovno elito. Imenovanje \u010dlana za Viteza ali Damo ima statusni pomen v redu,&nbsp;ki hkrati ves \u010das opominja k spo\u0161tovanju vite\u0161kih na\u010del. Z imenovanjem nih\u010de ne pridobi plemi\u0161kega naziva.<\/p>\n\n\n\n<p>\u010clani reda so pripadniki razli\u010dnih kr\u0161\u010danskih veroizpovedi. OSMTH je posveten vite\u0161ki red.<\/p>\n\n\n\n<p><strong>OSMTH ni prostozidarska organizacija<\/strong>.<\/p>\n\n\n\n<hr class=\"wp-block-separator has-alpha-channel-opacity\"\/>\n\n\n\n<p>Za ve\u010d informacij nam pi\u0161ite na komenda.roza.zivljenja@gmail.com<\/p>\n","protected":false},"excerpt":{"rendered":"<div class=\"entry-summary\">\nOsnovna zahteva je predanost delu. \u010clan je lahko vsak,&nbsp;ki izka\u017ee \u017eeljo, vztrajnost in predanost za javna dobra dela. \u010clanstvo ni&hellip;\n<\/div>\n<div class=\"link-more\"><a href=\"https:\/\/www.osmth-rozazivljenja.si\/index.php\/clanstvo\/\" class=\"more-link\">Continue reading<span class=\"screen-reader-text\"> &ldquo;\u010cLANSTVO&rdquo;<\/span>&hellip;<\/a><\/div>\n","protected":false},"author":1,"featured_media":0,"parent":0,"menu_order":0,"comment_status":"closed","ping_status":"closed","template":"","meta":{"_acf_changed":false,"footnotes":""},"class_list":["post-152","page","type-page","status-publish","hentry","entry"],"acf":[],"jetpack_sharing_enabled":true,"_links":{"self":[{"href":"https:\/\/www.osmth-rozazivljenja.si\/index.php\/wp-json\/wp\/v2\/pages\/152","targetHints":{"allow":["GET"]}}],"collection":[{"href":"https:\/\/www.osmth-rozazivljenja.si\/index.php\/wp-json\/wp\/v2\/pages"}],"about":[{"href":"https:\/\/www.osmth-rozazivljenja.si\/index.php\/wp-json\/wp\/v2\/types\/page"}],"author":[{"embeddable":true,"href":"https:\/\/www.osmth-rozazivljenja.si\/index.php\/wp-json\/wp\/v2\/users\/1"}],"replies":[{"embeddable":true,"href":"https:\/\/www.osmth-rozazivljenja.si\/index.php\/wp-json\/wp\/v2\/comments?post=152"}],"version-history":[{"count":1,"href":"https:\/\/www.osmth-rozazivljenja.si\/index.php\/wp-json\/wp\/v2\/pages\/152\/revisions"}],"predecessor-version":[{"id":153,"href":"https:\/\/www.osmth-rozazivljenja.si\/index.php\/wp-json\/wp\/v2\/pages\/152\/revisions\/153"}],"wp:attachment":[{"href":"https:\/\/www.osmth-rozazivljenja.si\/index.php\/wp-json\/wp\/v2\/media?parent=152"}],"curies":[{"name":"wp","href":"https:\/\/api.w.org\/{rel}","templated":true}]}}