{"id":157,"date":"2023-01-20T23:19:03","date_gmt":"2023-01-20T23:19:03","guid":{"rendered":"https:\/\/www.osmth-rozazivljenja.si\/?page_id=157"},"modified":"2023-01-20T23:24:51","modified_gmt":"2023-01-20T23:24:51","slug":"simboli","status":"publish","type":"page","link":"https:\/\/www.osmth-rozazivljenja.si\/index.php\/simboli\/","title":{"rendered":"SIMBOLI"},"content":{"rendered":"\n<p><strong>Cross pattee:<\/strong><\/p>\n\n\n\n<p>Pravico do no\u0161enja osmerokrakega \u0161krlatnega kri\u017ea je red pridobil po odlo\u010ditvi pape\u017ea Evgena III. leta 1146. Leta 1153 rimski pape\u017e Anastazij IV. dolo\u010di (po\u00a0pomembni zmagi templjarjev v boju z muslimani), da se krajci kri\u017ea upodobijo raz\u0161irjeni kot oblika trompete, v spomin na Jerihonske trombe. Le ta simbolizira osebno \u017ertvovanje redovnikov oziroma simbol prelite krvi za vero. Predstavlja tudi mu\u010deni\u0161tvo Templjarjev. Je najbolj prepoznaven simbol templjarja. Vitez v belem ogrinjalu ima \u0161krlatni kri\u017e pri levem ramenu.<\/p>\n\n\n<div class=\"wp-block-image\">\n<figure class=\"aligncenter size-full\"><img loading=\"lazy\" decoding=\"async\" width=\"220\" height=\"174\" src=\"https:\/\/www.osmth-rozazivljenja.si\/wp-content\/uploads\/2023\/01\/pattee.png\" alt=\"\" class=\"wp-image-162\"\/><\/figure>\n<\/div>\n\n\n<p><strong>Beauseant<\/strong><strong>:<\/strong><\/p>\n\n\n\n<p>Zastava templjarskega reda je \u010drno-bele barve s \u0161krlatnim kri\u017eem na sredini. Barvi vedno delita zastavo na polovico. \u010crna in bela barva zastave simbolizirata stapljanje nasprotij \u2013 dobrega in slabega. Tako nastane popolnost,\u00a0ki se ji re\u010de Beauseant \u2013 biti popoln. Obenem je to tudi bojni krik templjarjev (slava ti).\u00a0\u00a0Vsak templjar je bil dol\u017ean varovati zastavo v bitki in izven nje.<\/p>\n\n\n<div class=\"wp-block-image\">\n<figure class=\"aligncenter size-full is-resized\"><img loading=\"lazy\" decoding=\"async\" src=\"https:\/\/www.osmth-rozazivljenja.si\/wp-content\/uploads\/2023\/01\/beauseant.png\" alt=\"\" class=\"wp-image-161\" width=\"278\" height=\"145\"\/><\/figure>\n<\/div>\n\n\n<p><strong>P<\/strong><strong>e\u010dat oziroma za\u0161\u010ditni znak<\/strong><strong>:<\/strong><\/p>\n\n\n\n<p>Pe\u010dat je bil okrogle oblike velikosti srednje velikega kovanca. Upodabljal je dva viteza templjarja na konju. Ob robu pe\u010data je po celotni kro\u017enici pisalo Sigillum Militum Xpisti (pe\u010dat\u00a0Kristusovih vojakov). Simbolizira rev\u0161\u010dino in skromnost.<\/p>\n\n\n<div class=\"wp-block-image\">\n<figure class=\"aligncenter size-full\"><img loading=\"lazy\" decoding=\"async\" width=\"556\" height=\"282\" src=\"https:\/\/www.osmth-rozazivljenja.si\/wp-content\/uploads\/2023\/01\/pecat.jpg\" alt=\"\" class=\"wp-image-160\" srcset=\"https:\/\/www.osmth-rozazivljenja.si\/wp-content\/uploads\/2023\/01\/pecat.jpg 556w, https:\/\/www.osmth-rozazivljenja.si\/wp-content\/uploads\/2023\/01\/pecat-300x152.jpg 300w\" sizes=\"auto, (max-width: 556px) 100vw, 556px\" \/><\/figure>\n<\/div>\n\n\n<p><strong>Geslo reda<\/strong><strong>:<\/strong><\/p>\n\n\n\n<p>NON NOBIS, DOMINE, NON NOBIS,&nbsp;SED NOMINI TUO DA GLORIAM ( Ne nam gospod, ne nam, temve\u010d svojemu imenu daj slavo).<\/p>\n\n\n\n<p><strong>Ro\u017ea \u017eivljenja:<\/strong><\/p>\n\n\n\n<p>Je simbol, ki je sestavljen iz enako velikih kro\u017enic. Simbol kro\u017enice predstavlja celoto in povezanost. Kro\u017enice v ro\u017ei \u017eivljenja pa sestavljajo ve\u010djo podobo, v kateri se ponavlja osnovna oblika. Ro\u017ea \u017eivljenja tako simboli\u010dno ponazarja povezanost celotnega univerzuma.<\/p>\n\n\n<div class=\"wp-block-image\">\n<figure class=\"aligncenter size-full\"><img loading=\"lazy\" decoding=\"async\" width=\"450\" height=\"450\" src=\"https:\/\/www.osmth-rozazivljenja.si\/wp-content\/uploads\/2023\/01\/rozazivljenja.png\" alt=\"\" class=\"wp-image-159\" srcset=\"https:\/\/www.osmth-rozazivljenja.si\/wp-content\/uploads\/2023\/01\/rozazivljenja.png 450w, https:\/\/www.osmth-rozazivljenja.si\/wp-content\/uploads\/2023\/01\/rozazivljenja-300x300.png 300w, https:\/\/www.osmth-rozazivljenja.si\/wp-content\/uploads\/2023\/01\/rozazivljenja-150x150.png 150w\" sizes=\"auto, (max-width: 450px) 100vw, 450px\" \/><\/figure>\n<\/div>","protected":false},"excerpt":{"rendered":"<div class=\"entry-summary\">\nCross pattee: Pravico do no\u0161enja osmerokrakega \u0161krlatnega kri\u017ea je red pridobil po odlo\u010ditvi pape\u017ea Evgena III. leta 1146. Leta 1153&hellip;\n<\/div>\n<div class=\"link-more\"><a href=\"https:\/\/www.osmth-rozazivljenja.si\/index.php\/simboli\/\" class=\"more-link\">Continue reading<span class=\"screen-reader-text\"> &ldquo;SIMBOLI&rdquo;<\/span>&hellip;<\/a><\/div>\n","protected":false},"author":1,"featured_media":0,"parent":0,"menu_order":0,"comment_status":"closed","ping_status":"closed","template":"","meta":{"_acf_changed":false,"footnotes":""},"class_list":["post-157","page","type-page","status-publish","hentry","entry"],"acf":[],"jetpack_sharing_enabled":true,"_links":{"self":[{"href":"https:\/\/www.osmth-rozazivljenja.si\/index.php\/wp-json\/wp\/v2\/pages\/157","targetHints":{"allow":["GET"]}}],"collection":[{"href":"https:\/\/www.osmth-rozazivljenja.si\/index.php\/wp-json\/wp\/v2\/pages"}],"about":[{"href":"https:\/\/www.osmth-rozazivljenja.si\/index.php\/wp-json\/wp\/v2\/types\/page"}],"author":[{"embeddable":true,"href":"https:\/\/www.osmth-rozazivljenja.si\/index.php\/wp-json\/wp\/v2\/users\/1"}],"replies":[{"embeddable":true,"href":"https:\/\/www.osmth-rozazivljenja.si\/index.php\/wp-json\/wp\/v2\/comments?post=157"}],"version-history":[{"count":3,"href":"https:\/\/www.osmth-rozazivljenja.si\/index.php\/wp-json\/wp\/v2\/pages\/157\/revisions"}],"predecessor-version":[{"id":164,"href":"https:\/\/www.osmth-rozazivljenja.si\/index.php\/wp-json\/wp\/v2\/pages\/157\/revisions\/164"}],"wp:attachment":[{"href":"https:\/\/www.osmth-rozazivljenja.si\/index.php\/wp-json\/wp\/v2\/media?parent=157"}],"curies":[{"name":"wp","href":"https:\/\/api.w.org\/{rel}","templated":true}]}}