{"id":186,"date":"2023-01-21T10:31:44","date_gmt":"2023-01-21T10:31:44","guid":{"rendered":"https:\/\/www.osmth-rozazivljenja.si\/?page_id=186"},"modified":"2023-12-04T15:38:09","modified_gmt":"2023-12-04T15:38:09","slug":"obvestila","status":"publish","type":"page","link":"https:\/\/www.osmth-rozazivljenja.si\/index.php\/obvestila\/","title":{"rendered":"OBVESTILA"},"content":{"rendered":"\n<p class=\"has-text-align-center has-large-font-size\">Vabilo in informacije za dobrodelno dra\u017ebo<\/p>\n\n\n\n<p class=\"has-text-align-center\">Dobrodelna dra\u017eba in dogodek bosta potekala v angle\u0161kem jeziku. The Charity auction and event will be in English.<\/p>\n\n\n\n<p class=\"has-text-align-center\">(Seznam donatorjev in slike najdete v meniju <a href=\"https:\/\/www.osmth-rozazivljenja.si\/index.php\/dobrodelna-drazba\/\" data-type=\"page\" data-id=\"291\">DOBRODELNA DRA\u017dBA<\/a>)<\/p>\n\n\n<div class=\"wp-block-image\">\n<figure class=\"aligncenter size-large\"><a href=\"https:\/\/www.osmth-rozazivljenja.si\/index.php\/dobrodelna-drazba\/\"><img loading=\"lazy\" decoding=\"async\" width=\"719\" height=\"1024\" src=\"https:\/\/www.osmth-rozazivljenja.si\/wp-content\/uploads\/2023\/11\/Vabilo-na-dobrodelno-licitacijo-slovensko-2023-v2-719x1024.jpg\" alt=\"\" class=\"wp-image-289\" style=\"object-fit:cover\" srcset=\"https:\/\/www.osmth-rozazivljenja.si\/wp-content\/uploads\/2023\/11\/Vabilo-na-dobrodelno-licitacijo-slovensko-2023-v2-719x1024.jpg 719w, https:\/\/www.osmth-rozazivljenja.si\/wp-content\/uploads\/2023\/11\/Vabilo-na-dobrodelno-licitacijo-slovensko-2023-v2-211x300.jpg 211w, https:\/\/www.osmth-rozazivljenja.si\/wp-content\/uploads\/2023\/11\/Vabilo-na-dobrodelno-licitacijo-slovensko-2023-v2-768x1094.jpg 768w, https:\/\/www.osmth-rozazivljenja.si\/wp-content\/uploads\/2023\/11\/Vabilo-na-dobrodelno-licitacijo-slovensko-2023-v2-1078x1536.jpg 1078w, https:\/\/www.osmth-rozazivljenja.si\/wp-content\/uploads\/2023\/11\/Vabilo-na-dobrodelno-licitacijo-slovensko-2023-v2-1437x2048.jpg 1437w, https:\/\/www.osmth-rozazivljenja.si\/wp-content\/uploads\/2023\/11\/Vabilo-na-dobrodelno-licitacijo-slovensko-2023-v2-scaled.jpg 1797w\" sizes=\"auto, (max-width: 719px) 100vw, 719px\" \/><\/a><\/figure>\n<\/div>\n\n\n<hr class=\"wp-block-separator has-alpha-channel-opacity\"\/>\n","protected":false},"excerpt":{"rendered":"<div class=\"entry-summary\">\nVabilo in informacije za dobrodelno dra\u017ebo Dobrodelna dra\u017eba in dogodek bosta potekala v angle\u0161kem jeziku. The Charity auction and event&hellip;\n<\/div>\n<div class=\"link-more\"><a href=\"https:\/\/www.osmth-rozazivljenja.si\/index.php\/obvestila\/\" class=\"more-link\">Continue reading<span class=\"screen-reader-text\"> &ldquo;OBVESTILA&rdquo;<\/span>&hellip;<\/a><\/div>\n","protected":false},"author":1,"featured_media":0,"parent":0,"menu_order":0,"comment_status":"closed","ping_status":"closed","template":"","meta":{"_acf_changed":false,"footnotes":""},"class_list":["post-186","page","type-page","status-publish","hentry","entry"],"acf":[],"jetpack_sharing_enabled":true,"_links":{"self":[{"href":"https:\/\/www.osmth-rozazivljenja.si\/index.php\/wp-json\/wp\/v2\/pages\/186","targetHints":{"allow":["GET"]}}],"collection":[{"href":"https:\/\/www.osmth-rozazivljenja.si\/index.php\/wp-json\/wp\/v2\/pages"}],"about":[{"href":"https:\/\/www.osmth-rozazivljenja.si\/index.php\/wp-json\/wp\/v2\/types\/page"}],"author":[{"embeddable":true,"href":"https:\/\/www.osmth-rozazivljenja.si\/index.php\/wp-json\/wp\/v2\/users\/1"}],"replies":[{"embeddable":true,"href":"https:\/\/www.osmth-rozazivljenja.si\/index.php\/wp-json\/wp\/v2\/comments?post=186"}],"version-history":[{"count":46,"href":"https:\/\/www.osmth-rozazivljenja.si\/index.php\/wp-json\/wp\/v2\/pages\/186\/revisions"}],"predecessor-version":[{"id":384,"href":"https:\/\/www.osmth-rozazivljenja.si\/index.php\/wp-json\/wp\/v2\/pages\/186\/revisions\/384"}],"wp:attachment":[{"href":"https:\/\/www.osmth-rozazivljenja.si\/index.php\/wp-json\/wp\/v2\/media?parent=186"}],"curies":[{"name":"wp","href":"https:\/\/api.w.org\/{rel}","templated":true}]}}