{"id":5,"date":"2022-02-10T11:08:50","date_gmt":"2022-02-10T11:08:50","guid":{"rendered":"https:\/\/osmth-rozazivljenja.si\/?page_id=5"},"modified":"2023-04-24T18:11:41","modified_gmt":"2023-04-24T18:11:41","slug":"create-your-website-with-blocks","status":"publish","type":"page","link":"https:\/\/www.osmth-rozazivljenja.si\/","title":{"rendered":"KOMENDA RO\u017dA \u017dIVLJENJA"},"content":{"rendered":"\n<h2 class=\"wp-block-heading\"><\/h2>\n\n\n\n<p><a href=\"https:\/\/www.osmth-rozazivljenja.si\/index.php\/about\/\">OSMTH<\/a> &#8211; Ordo Supremus Militaris Templi Hierosolymitani je nevladna organizacija Zdru\u017eenih narodov (ZN), registrirana v \u017denevi. V sloven\u0161\u010dini se prevod glasi Suvereni voja\u0161ki red Jeruzalemskega templja.<\/p>\n\n\n\n<hr class=\"wp-block-separator has-alpha-channel-opacity\"\/>\n\n\n\n<p>Komenda je sestavni ali osnovni del Velikega priorata, ki je del mednarodne organizacije\u00a0<a href=\"https:\/\/www.osmth-rozazivljenja.si\/index.php\/about\/\" data-type=\"page\" data-id=\"6\">OSMTH<\/a>.\u00a0Komendo sestavljajo postulanti-pripravniki (oprode, naredniki), vitezi in dame. Vodi jo Komtur oziroma poveljnik. Komenda je pri svojem delovanju samostojna. Podrejena je\u00a0neposredno\u00a0vi\u0161ji entiteti na dr\u017eavnem nivoju (veliki\u00a0priorat). Komenda (in ves red) deluje hierarhi\u010dno.\u00a0Simbol na\u0161e komende je Ro\u017ea \u017eivljenja. Komenda je registrirana tudi na UE Ljubljana kot dru\u0161tvo z imenom\u00a0Dru\u0161tvo vitezov templjarjev Ordo Supremus Militaris Templi Hierosolymitani, komenda Ro\u017ea \u017eivljenja.<br>Kratko ime dru\u0161tva je \u00bbDru\u0161tvo komenda Ro\u017ea \u017eivljenja\u00ab.\u00a0<\/p>\n\n\n\n<p>Teritorialno komenda deluje na \u0161ir\u0161em obmo\u010dju mesta Ljubljana, a zaradi na\u0161ega osnovnega poslanstva delujemo na podro\u010dju celotne dr\u017eave oziroma tam kjer lahko pomagamo na tak\u0161en in druga\u010den na\u010din.<\/p>\n\n\n\n<p>1. Poslanstvo&nbsp;komende:&nbsp;<\/p>\n\n\n\n<p>&#8211; ohranjanje, nadaljnji razvoj, podpora in delovanje vite\u0161kega reda vitezov templjarjev OSMTH \u2013 ORDO SUPREMUS MILITARIS TEMPLI HIEROSOLYMITANI;<\/p>\n\n\n\n<p>&#8211; promocija vite\u0161kih vrlin in idealov, skrb za tradicijo in obi\u010daje;<\/p>\n\n\n\n<p>&#8211; raziskovanje zgodovine, \u0161e posebej na podro\u010dju vite\u0161tva;<\/p>\n\n\n\n<p>&#8211; povezovanje z doma\u010dim in mednarodnim vite\u0161kim redom OSMTH;<\/p>\n\n\n\n<p>&#8211; skrb za humanitarno pomo\u010d in skrb za osebe, ki so pozabljene s strani uradnih institucij;<\/p>\n\n\n\n<p>&#8211; skrb za \u017eivali in ekologijo.<\/p>\n\n\n\n<p>2.&nbsp;&nbsp;Cilji komende:<\/p>\n\n\n\n<p>&#8211; postati prepoznavna in spo\u0161tovanja vredna organizacija; kot humanitarna organizacija in organizacija, ki deluje v javnem interesu, opravljati svoje poslanstvo na podro\u010djih delovanja,<\/p>\n\n\n\n<p>&#8211; postati moralna, eti\u010dna, socialna in ekolo\u0161ko osve\u0161\u010dena avtoriteta v lokalnem okolju in tudi \u0161ir\u0161e;<\/p>\n\n\n\n<p>&#8211; sodelovati doma in v tujini z institucijami in organizacijami, ki delujejo na sorodnih podro\u010djih.<\/p>\n\n\n\n<p>3.&nbsp;Dejavnosti komende:<\/p>\n\n\n\n<p>&#8211;&nbsp;organizacija humanitarnih akcij na vseh podro\u010djih;<\/p>\n\n\n\n<p>&#8211;&nbsp;prizadevanje za bolj\u0161i razvoj eti\u010dnih in moralnih vrednot v dru\u017ebi, s samoizobra\u017eevanjem \u010dlanov dru\u0161tva in organizacijo predavanj in predstavitev vite\u0161kega reda OSMTH;<\/p>\n\n\n\n<p>&#8211;&nbsp;razvijanje odnosa do ljudi. Pomo\u010d pomo\u010di potrebnim ljudem, zapu\u0161\u010denim s strani dr\u017eavnih ustanov, za katere bi morale v delujo\u010di socialni dr\u017eavi poskrbeti dr\u017eavne ustanove;<\/p>\n\n\n\n<p>&#8211;&nbsp;dvigovanje nivoja&nbsp;medsebojne pomo\u010di&nbsp;in vzgajanje kulture medsebojne pomo\u010di;<\/p>\n\n\n\n<p>&#8211;&nbsp;kultura in kulturno udejstvovanje;<\/p>\n\n\n\n<p>&#8211;&nbsp;varstvo okolja in odnos do \u017eivali. Pomo\u010d in sodelovanje z organizacijami, ki skrbijo za \u017eivali in okolje;<\/p>\n\n\n\n<p>&#8211;&nbsp;samozavedanje lastne zgodovine in tradicije, njuno prou\u010devanje, negovanje in \u0161irjenje;<\/p>\n\n\n\n<p>&#8211;&nbsp;negovanje in \u0161irjenje vrednot vite\u0161tva. Izobra\u017eevanje in predavanja na temo vite\u0161tva znotraj&nbsp;reda&nbsp;in za potrebe \u0161ir\u0161e zainteresirane javnosti.<\/p>\n\n\n\n<hr class=\"wp-block-separator has-alpha-channel-opacity\"\/>\n\n\n\n<p class=\"has-text-align-center\">Non nobis Domine, non nobis, sed nomini tuo da gloriam<\/p>\n","protected":false},"excerpt":{"rendered":"<div class=\"entry-summary\">\nOSMTH &#8211; Ordo Supremus Militaris Templi Hierosolymitani je nevladna organizacija Zdru\u017eenih narodov (ZN), registrirana v \u017denevi. V sloven\u0161\u010dini se prevod&hellip;\n<\/div>\n<div class=\"link-more\"><a href=\"https:\/\/www.osmth-rozazivljenja.si\/\" class=\"more-link\">Continue reading<span class=\"screen-reader-text\"> &ldquo;KOMENDA RO\u017dA \u017dIVLJENJA&rdquo;<\/span>&hellip;<\/a><\/div>\n","protected":false},"author":1,"featured_media":0,"parent":0,"menu_order":0,"comment_status":"closed","ping_status":"closed","template":"","meta":{"_acf_changed":false,"footnotes":""},"class_list":["post-5","page","type-page","status-publish","hentry","entry"],"acf":[],"jetpack_sharing_enabled":true,"_links":{"self":[{"href":"https:\/\/www.osmth-rozazivljenja.si\/index.php\/wp-json\/wp\/v2\/pages\/5","targetHints":{"allow":["GET"]}}],"collection":[{"href":"https:\/\/www.osmth-rozazivljenja.si\/index.php\/wp-json\/wp\/v2\/pages"}],"about":[{"href":"https:\/\/www.osmth-rozazivljenja.si\/index.php\/wp-json\/wp\/v2\/types\/page"}],"author":[{"embeddable":true,"href":"https:\/\/www.osmth-rozazivljenja.si\/index.php\/wp-json\/wp\/v2\/users\/1"}],"replies":[{"embeddable":true,"href":"https:\/\/www.osmth-rozazivljenja.si\/index.php\/wp-json\/wp\/v2\/comments?post=5"}],"version-history":[{"count":39,"href":"https:\/\/www.osmth-rozazivljenja.si\/index.php\/wp-json\/wp\/v2\/pages\/5\/revisions"}],"predecessor-version":[{"id":258,"href":"https:\/\/www.osmth-rozazivljenja.si\/index.php\/wp-json\/wp\/v2\/pages\/5\/revisions\/258"}],"wp:attachment":[{"href":"https:\/\/www.osmth-rozazivljenja.si\/index.php\/wp-json\/wp\/v2\/media?parent=5"}],"curies":[{"name":"wp","href":"https:\/\/api.w.org\/{rel}","templated":true}]}}