{"id":6,"date":"2022-02-10T11:08:50","date_gmt":"2022-02-10T11:08:50","guid":{"rendered":"https:\/\/osmth-rozazivljenja.si\/?page_id=6"},"modified":"2023-10-19T16:50:06","modified_gmt":"2023-10-19T16:50:06","slug":"about","status":"publish","type":"page","link":"https:\/\/www.osmth-rozazivljenja.si\/index.php\/about\/","title":{"rendered":"OSMTH"},"content":{"rendered":"\n<p>Ordo Supremus Militaris Templi Hierosolymitani (OSMTH) je nevladna organizacija Zdru\u017eenih narodov (ZN), registrirana v \u017denevi. V&nbsp;sloven\u0161\u010dini se prevod glasi Suvereni&nbsp;voja\u0161ki red Jeruzalemskega templja.&nbsp;Opomba: red vsekakor nima ve\u010d lastnosti suvereni, saj mora v modernem \u010dasu upo\u0161tevati zakone v dr\u017eavah, kjer deluje.<\/p>\n\n\n\n<p>Dana\u0161nji red templjarjev OSMTH je posvetni&nbsp;vite\u0161ki red, ki v svoje vrste sprejema&nbsp;mo\u0161ke (Viteze) in \u017eenske (Dame), ki poka\u017eejo visoka eti\u010dna in moralna na\u010dela ter \u017eeljo po nadaljevanju tradicije srednjeve\u0161kih vitezov jeruzalemskega templja \u2013 vitezov templjarjev.<\/p>\n\n\n\n<p>OSMTH je leta 1804 ob podpori Napoleona osnoval francoski&nbsp;zdravnik in duhovnik&nbsp;Fabr\u00e9-Palaprat. Pojma templjar in templjarstvo sta zanj predstavljala sopomenki za pomo\u010d in za\u0161\u010dito, dostojnost, vdanost in vite\u0161tvo. Novi red je ustanovil na teh temeljih. V 19. stoletju je stopilo vanj veliko prominentnih oseb in za\u0161\u010ditnikov reda.<\/p>\n\n\n\n<p>Sedanja kraljevska za\u0161\u010ditnica in obenem \u010dlanica redu je Danska princesa Elizabeth of Ysenburg and Budingen.\u00a0Verski za\u0161\u010ditnik je Armenski patriarh.<\/p>\n\n\n\n<p>Danes OSMTH &#8211; Knights Templar International dela za svet, v katerem:<\/p>\n\n\n\n<p>&nbsp;&nbsp;\u2022&nbsp;&nbsp;je konstruktivni dialog med veroizpovedmi, kakor tudi med verujo\u010dimi pozamezniki in&nbsp;narodi, izpeljan v miru, z medsebojnim spo\u0161tovanjem in razumevanjem;&nbsp;<\/p>\n\n\n\n<p>&nbsp;\u2022&nbsp;&nbsp;so posve\u010deni kraji kristjanov in drugih verskih skupnosti spo\u0161tovani in za\u0161\u010diteni, da jih romarji lahko varno obiskujejo;<\/p>\n\n\n\n<p>&nbsp;&nbsp;\u2022&nbsp;&nbsp;se prizna in ceni predanost, velikodu\u0161nost in po\u0161tenost vseh akterjev \u010dlovekoljubne&nbsp;pomo\u010di, ki naj svoja dela opravljajo eti\u010dno in brez strahu pred diskriminacijo;&nbsp;<\/p>\n\n\n\n<p>&nbsp;\u2022&nbsp;&nbsp;\u010dlovekoljubje, uslu\u017enost, predanost in po\u0161tenost povzemajo temeljna in najvi\u0161ja na\u010dela&nbsp;vite\u0161tva in osebnih \u017eivljenjskih pravil ter se \u0161irijo v dru\u017ebo;&nbsp;<\/p>\n\n\n\n<p>&nbsp;\u2022&nbsp;&nbsp;je prispevek templjarjev, srednjeve\u0161kih in modernih, zlasti na podro\u010djih kmetijstva,&nbsp;gradnje, transporta, obrti, zdravstva, financ, medverskih zadev, diplomacije in \u010dlovekoljubja, dobro raziskan in v javnosti splo\u0161no razumljiv in cenjen.<\/p>\n\n\n\n<p>Na\u0161 kodeks temelji na naslednjih na\u010delih: zvestoba, spo\u0161tovanje, pogum, pravi\u010dnost, celovitost, razdajanje, obljuba, plemenitost, vera, poni\u017enost, posebna pravica.<\/p>\n\n\n\n<p>Na svetu (tudi v Sloveniji)&nbsp;sicer&nbsp;obstajajo&nbsp;skupine,&nbsp;ki se predstavljajo kot templjarji, vendar pa je&nbsp;OSMTH&nbsp;edini templjarski&nbsp;vite\u0161ki red&nbsp;priznan s strani OZN,&nbsp;ki temelji na vite\u0161tvu in duhovno etni\u010dnem pogledu na templjarstvo.<\/p>\n\n\n\n<p>Ve\u010d na mednarodni strani reda: <a rel=\"noreferrer noopener\" href=\"https:\/\/www.osmth.org\" target=\"_blank\">www.osmth.org<\/a><\/p>\n\n\n\n<hr class=\"wp-block-separator has-alpha-channel-opacity\"\/>\n\n\n\n<p class=\"has-text-align-center\">Non nobis Domine, non nobis, sed nomini tuo da gloriam<\/p>\n","protected":false},"excerpt":{"rendered":"<div class=\"entry-summary\">\nOrdo Supremus Militaris Templi Hierosolymitani (OSMTH) je nevladna organizacija Zdru\u017eenih narodov (ZN), registrirana v \u017denevi. V&nbsp;sloven\u0161\u010dini se prevod glasi Suvereni&nbsp;voja\u0161ki&hellip;\n<\/div>\n<div class=\"link-more\"><a href=\"https:\/\/www.osmth-rozazivljenja.si\/index.php\/about\/\" class=\"more-link\">Continue reading<span class=\"screen-reader-text\"> &ldquo;OSMTH&rdquo;<\/span>&hellip;<\/a><\/div>\n","protected":false},"author":1,"featured_media":0,"parent":0,"menu_order":0,"comment_status":"closed","ping_status":"closed","template":"","meta":{"_acf_changed":false,"footnotes":""},"class_list":["post-6","page","type-page","status-publish","hentry","entry"],"acf":[],"jetpack_sharing_enabled":true,"_links":{"self":[{"href":"https:\/\/www.osmth-rozazivljenja.si\/index.php\/wp-json\/wp\/v2\/pages\/6","targetHints":{"allow":["GET"]}}],"collection":[{"href":"https:\/\/www.osmth-rozazivljenja.si\/index.php\/wp-json\/wp\/v2\/pages"}],"about":[{"href":"https:\/\/www.osmth-rozazivljenja.si\/index.php\/wp-json\/wp\/v2\/types\/page"}],"author":[{"embeddable":true,"href":"https:\/\/www.osmth-rozazivljenja.si\/index.php\/wp-json\/wp\/v2\/users\/1"}],"replies":[{"embeddable":true,"href":"https:\/\/www.osmth-rozazivljenja.si\/index.php\/wp-json\/wp\/v2\/comments?post=6"}],"version-history":[{"count":16,"href":"https:\/\/www.osmth-rozazivljenja.si\/index.php\/wp-json\/wp\/v2\/pages\/6\/revisions"}],"predecessor-version":[{"id":261,"href":"https:\/\/www.osmth-rozazivljenja.si\/index.php\/wp-json\/wp\/v2\/pages\/6\/revisions\/261"}],"wp:attachment":[{"href":"https:\/\/www.osmth-rozazivljenja.si\/index.php\/wp-json\/wp\/v2\/media?parent=6"}],"curies":[{"name":"wp","href":"https:\/\/api.w.org\/{rel}","templated":true}]}}